{"id":6900,"date":"2026-03-21T11:50:05","date_gmt":"2026-03-21T10:50:05","guid":{"rendered":"https:\/\/prokoparki.wp.zanreal.app\/?post_type=product&#038;p=6900"},"modified":"2026-03-21T11:50:06","modified_gmt":"2026-03-21T10:50:06","slug":"przyczepa-neptun-n13-305-multi","status":"publish","type":"product","link":"https:\/\/prokoparki.wp.zanreal.app\/index.php\/product\/przyczepa-neptun-n13-305-multi\/","title":{"rendered":"`Przyczepa Neptun N13-305 Multi"},"content":{"rendered":"<p><strong>Specyfikacja:<\/strong><\/p>\n<ul>\n<li>D\u0142ugo\u015b\u0107: 305 cm<\/li>\n<li>Szeroko\u015b\u0107: 166 cm<\/li>\n<li>DMC 1300 KG<\/li>\n<li>O\u015b skr\u0119tna 1350 KG ALKO<\/li>\n<li>Urz\u0105dzenie najazdowe ALKO<\/li>\n<li>P\u0142yta wodoodporna produkcji polskiej<\/li>\n<li>6x uchwyt do mocowania \u0142adunku<\/li>\n<li>Ko\u0142o podporowe<\/li>\n<\/ul>\n","protected":false},"excerpt":{"rendered":"<h1 class=\"product_title entry-title wd-entities-title\">Neptun N13-305 Multi<\/h1>\n","protected":false},"featured_media":6874,"comment_status":"open","ping_status":"closed","template":"","meta":[],"product_brand":[],"product_cat":[16],"product_tag":[],"class_list":{"0":"post-6900","1":"product","2":"type-product","3":"status-publish","4":"has-post-thumbnail","6":"product_cat-myjki-cisnieniowe","8":"first","9":"instock","10":"shipping-taxable","11":"purchasable","12":"product-type-ovabrw_car_rental"},"_links":{"self":[{"href":"https:\/\/prokoparki.wp.zanreal.app\/index.php\/wp-json\/wp\/v2\/product\/6900","targetHints":{"allow":["GET"]}}],"collection":[{"href":"https:\/\/prokoparki.wp.zanreal.app\/index.php\/wp-json\/wp\/v2\/product"}],"about":[{"href":"https:\/\/prokoparki.wp.zanreal.app\/index.php\/wp-json\/wp\/v2\/types\/product"}],"replies":[{"embeddable":true,"href":"https:\/\/prokoparki.wp.zanreal.app\/index.php\/wp-json\/wp\/v2\/comments?post=6900"}],"wp:featuredmedia":[{"embeddable":true,"href":"https:\/\/prokoparki.wp.zanreal.app\/index.php\/wp-json\/wp\/v2\/media\/6874"}],"wp:attachment":[{"href":"https:\/\/prokoparki.wp.zanreal.app\/index.php\/wp-json\/wp\/v2\/media?parent=6900"}],"wp:term":[{"taxonomy":"product_brand","embeddable":true,"href":"https:\/\/prokoparki.wp.zanreal.app\/index.php\/wp-json\/wp\/v2\/product_brand?post=6900"},{"taxonomy":"product_cat","embeddable":true,"href":"https:\/\/prokoparki.wp.zanreal.app\/index.php\/wp-json\/wp\/v2\/product_cat?post=6900"},{"taxonomy":"product_tag","embeddable":true,"href":"https:\/\/prokoparki.wp.zanreal.app\/index.php\/wp-json\/wp\/v2\/product_tag?post=6900"}],"curies":[{"name":"wp","href":"https:\/\/api.w.org\/{rel}","templated":true}]}}